{"id":35,"date":"2013-10-11T15:46:20","date_gmt":"2013-10-11T15:46:20","guid":{"rendered":"http:\/\/beta.unitedthemes.com\/onepage\/?page_id=35"},"modified":"2019-01-29T17:11:13","modified_gmt":"2019-01-29T16:11:13","slug":"front-page","status":"publish","type":"page","link":"https:\/\/www.shopjobs.de\/blog\/","title":{"rendered":"Arbeiten im Einzelhandel"},"content":{"rendered":"<h2>Herzlich Willkommen auf dem ShopJobs Blog!<\/h2>\n<p>Hier findest du viele interessante Themen aus dem Einzelhandel.<\/p>\n<p>Du m\u00f6chtest wissen, wie viel man im Einzelhandel verdient? Zum Beispiel wie hoch das <a href=\"https:\/\/www.shopjobs.de\/blog\/gehalt\/\">Gehalt<\/a> eines Einzelhandelskaufmanns ist? Dich interessiert, welche Berufe und Branchen es im Einzelhandel gibt und wie man eine gute <a href=\"https:\/\/www.shopjobs.de\/blog\/bewerbung\/\">Bewerbung<\/a> schreibt? Dann bist Du hier genau richtig!<\/p>\n<p>Im Einzelhandel ist f\u00fcr jeden was dabei. Die Arbeitsorte sind sehr vielf\u00e4ltig: Von Tankstellen, B\u00e4ckereien, Elektrofachhandel, Modeh\u00e4usern, Superm\u00e4rkten bis hin zu Tier- und Zoohandlungen &#8211; und vieles mehr!<\/p>\n<p>Auch Informationen zum Thema <a href=\"http:\/\/www.shopjobs.de\/blog\/ausbildung-zum-kaufmann-zur-kauffrau\/\">Ausbildung zum Einzelhandelskaufmann oder -kauffrau<\/a> sowie Erfahrungen von Mitarbeitern aus dem Einzelhandel haben wir f\u00fcr Dich zusammengestellt.<\/p>\n<p>ShopJobs ist die <a href=\"https:\/\/www.shopjobs.de\/\">Jobb\u00f6rse f\u00fcr den Einzelhandel<\/a>. Das hei\u00dft: Du findest auf unserer Website ausschlie\u00dflich <a href=\"https:\/\/www.shopjobs.de\/jobs\">Stellenangebote im Einzelhandel<\/a> \u2013\u00a0Vom Verk\u00e4ufer bis zum Filialleiter. Wir m\u00f6chten die Jobsuche so einfach wie m\u00f6glich machen. Damit du schnell und unkompliziert Deinen Wunschjob findest.<\/p>\n","protected":false},"excerpt":{"rendered":"<p>Herzlich Willkommen auf dem ShopJobs Blog! Hier findest du viele interessante Themen aus dem Einzelhandel. Du m\u00f6chtest wissen, wie viel&#8230;<\/p>\n<div><a class=\"btn-filled btn\" href=\"https:\/\/www.shopjobs.de\/blog\/\" title=\"\u201eEs war schon seit der achten Klasse mein Traum, Floristin zu werden.\u201c\">Weiterlesen<\/a><\/div>\n","protected":false},"author":1,"featured_media":0,"parent":0,"menu_order":0,"comment_status":"closed","ping_status":"open","template":"page-templates\/template-home.php","meta":[],"yst_prominent_words":[218,219],"_links":{"self":[{"href":"https:\/\/www.shopjobs.de\/blog\/wp-json\/wp\/v2\/pages\/35"}],"collection":[{"href":"https:\/\/www.shopjobs.de\/blog\/wp-json\/wp\/v2\/pages"}],"about":[{"href":"https:\/\/www.shopjobs.de\/blog\/wp-json\/wp\/v2\/types\/page"}],"author":[{"embeddable":true,"href":"https:\/\/www.shopjobs.de\/blog\/wp-json\/wp\/v2\/users\/1"}],"replies":[{"embeddable":true,"href":"https:\/\/www.shopjobs.de\/blog\/wp-json\/wp\/v2\/comments?post=35"}],"version-history":[{"count":24,"href":"https:\/\/www.shopjobs.de\/blog\/wp-json\/wp\/v2\/pages\/35\/revisions"}],"predecessor-version":[{"id":3860,"href":"https:\/\/www.shopjobs.de\/blog\/wp-json\/wp\/v2\/pages\/35\/revisions\/3860"}],"wp:attachment":[{"href":"https:\/\/www.shopjobs.de\/blog\/wp-json\/wp\/v2\/media?parent=35"}],"wp:term":[{"taxonomy":"yst_prominent_words","embeddable":true,"href":"https:\/\/www.shopjobs.de\/blog\/wp-json\/wp\/v2\/yst_prominent_words?post=35"}],"curies":[{"name":"wp","href":"https:\/\/api.w.org\/{rel}","templated":true}]}}